{"id":6874,"date":"2022-08-10T14:51:31","date_gmt":"2022-08-10T12:51:31","guid":{"rendered":"https:\/\/intm.com\/?page_id=6874"},"modified":"2025-10-16T11:52:46","modified_gmt":"2025-10-16T09:52:46","slug":"__trashed-6","status":"publish","type":"page","link":"https:\/\/intm.com\/en\/__trashed-6\/","title":{"rendered":"Telecom and Media"},"content":{"rendered":"<p>[et_pb_section fb_built=&#8221;1&#8243; fullwidth=&#8221;on&#8221; admin_label=&#8221;Hero &#8211; Visuel 1900&#215;600&#8243; _builder_version=&#8221;4.27.4&#8243; background_image=&#8221;https:\/\/intm.com\/wp-content\/uploads\/2025\/10\/ai-generated-8820911_1280.jpg&#8221; background_enable_video_mp4=&#8221;off&#8221; custom_margin=&#8221;0px||||false|false&#8221; custom_padding=&#8221;0px|0|0px|0px|false|false&#8221; bottom_divider_color=&#8221;#000000&#8243; bottom_divider_height=&#8221;50px&#8221; locked=&#8221;off&#8221; collapsed=&#8221;off&#8221; global_colors_info=&#8221;{}&#8221;][et_pb_fullwidth_header title=&#8221;Telecom and Media&#8221; text_orientation=&#8221;center&#8221; admin_label=&#8221;Fullwidth Header &#8211; TITRE H1 en blanc&#8221; _builder_version=&#8221;4.17.6&#8243; title_font=&#8221;Raleway|100||on|||||&#8221; title_text_align=&#8221;center&#8221; title_font_size=&#8221;72px&#8221; title_line_height=&#8221;1.4em&#8221; content_font=&#8221;Raleway|100|||||||&#8221; content_text_align=&#8221;left&#8221; content_font_size=&#8221;100px&#8221; content_line_height=&#8221;0.2em&#8221; subhead_font=&#8221;Ubuntu||||||||&#8221; subhead_font_size=&#8221;48px&#8221; subhead_line_height=&#8221;-3em&#8221; background_color=&#8221;rgba(0,0,0,0)&#8221; use_background_color_gradient=&#8221;on&#8221; background_color_gradient_direction=&#8221;140deg&#8221; background_color_gradient_stops=&#8221;rgba(16,44,84,0.75) 0%|rgba(0,0,0,0.75) 100%&#8221; background_color_gradient_overlays_image=&#8221;on&#8221; background_color_gradient_start=&#8221;rgba(16,44,84,0.75)&#8221; background_color_gradient_end=&#8221;rgba(0,0,0,0.75)&#8221; background_enable_image=&#8221;off&#8221; background_size=&#8221;initial&#8221; background_repeat=&#8221;repeat&#8221; background_blend=&#8221;overlay&#8221; custom_button_one=&#8221;on&#8221; button_one_text_size=&#8221;15px&#8221; button_one_bg_color=&#8221;#ffa727&#8243; button_one_border_width=&#8221;15px&#8221; button_one_border_color=&#8221;#ffa727&#8243; button_one_border_radius=&#8221;100px&#8221; button_one_letter_spacing=&#8221;5px&#8221; button_one_font=&#8221;Open Sans|700||on|||||&#8221; custom_margin=&#8221;||||false|false&#8221; custom_padding=&#8221;||||false|false&#8221; custom_padding_phone=&#8221;|||&#8221; custom_padding_last_edited=&#8221;off|phone&#8221; title_font_size_tablet=&#8221;60px&#8221; title_font_size_phone=&#8221;36px&#8221; title_font_size_last_edited=&#8221;on|phone&#8221; content_font_size_tablet=&#8221;&#8221; content_font_size_phone=&#8221;16px&#8221; content_font_size_last_edited=&#8221;on|phone&#8221; button_one_text_size_tablet=&#8221;&#8221; button_one_text_size_phone=&#8221;&#8221; button_one_text_size_last_edited=&#8221;on|desktop&#8221; button_one_border_color_hover=&#8221;#ff8a3d&#8221; button_one_border_radius_hover=&#8221;100px&#8221; button_one_letter_spacing_hover=&#8221;5px&#8221; button_one_bg_color_hover=&#8221;#ff8a3d&#8221; global_colors_info=&#8221;{}&#8221; button_one_text_size__hover_enabled=&#8221;off&#8221; button_two_text_size__hover_enabled=&#8221;off&#8221; button_one_text_color__hover_enabled=&#8221;off&#8221; button_two_text_color__hover_enabled=&#8221;off&#8221; button_one_border_width__hover_enabled=&#8221;off&#8221; button_two_border_width__hover_enabled=&#8221;off&#8221; button_one_border_color__hover_enabled=&#8221;on&#8221; button_one_border_color__hover=&#8221;#ff8a3d&#8221; button_two_border_color__hover_enabled=&#8221;off&#8221; button_one_border_radius__hover_enabled=&#8221;on&#8221; button_one_border_radius__hover=&#8221;100px&#8221; button_two_border_radius__hover_enabled=&#8221;off&#8221; button_one_letter_spacing__hover_enabled=&#8221;on&#8221; button_one_letter_spacing__hover=&#8221;5px&#8221; button_two_letter_spacing__hover_enabled=&#8221;off&#8221; button_one_bg_color__hover_enabled=&#8221;on&#8221; button_one_bg_color__hover=&#8221;#ff8a3d&#8221; button_two_bg_color__hover_enabled=&#8221;off&#8221;][\/et_pb_fullwidth_header][\/et_pb_section][et_pb_section fb_built=&#8221;1&#8243; admin_label=&#8221;Section bas&#8221; _builder_version=&#8221;4.16&#8243; _module_preset=&#8221;default&#8221; background_color=&#8221;#000000&#8243; background_color_gradient_direction=&#8221;250deg&#8221; background_enable_image=&#8221;off&#8221; bottom_divider_color=&#8221;#000000&#8243; bottom_divider_height=&#8221;75px&#8221; bottom_divider_flip=&#8221;vertical&#8221; locked=&#8221;off&#8221; collapsed=&#8221;off&#8221; global_colors_info=&#8221;{}&#8221;][et_pb_row _builder_version=&#8221;4.16&#8243; custom_margin=&#8221;|||&#8221; custom_padding=&#8221;5vw||||false|false&#8221; scroll_horizontal_motion=&#8221;0|0|50|100|4|0|-4&#8243; scroll_fade=&#8221;0|75|75|100|0|100|100&#8243; global_colors_info=&#8221;{}&#8221;][et_pb_column type=&#8221;4_4&#8243; _builder_version=&#8221;4.16&#8243; custom_padding=&#8221;|||&#8221; global_colors_info=&#8221;{}&#8221; custom_padding__hover=&#8221;|||&#8221;][et_pb_text admin_label=&#8221;Texte (avec marges 15% D et G sur desktop)&#8221; _builder_version=&#8221;4.17.6&#8243; _module_preset=&#8221;default&#8221; text_text_color=&#8221;#FFFFFF&#8221; header_2_font=&#8221;|300|||||||&#8221; header_2_font_size=&#8221;32px&#8221; header_5_font=&#8221;|300|on||||||&#8221; header_5_font_size=&#8221;19px&#8221; header_5_line_height=&#8221;1.4em&#8221; background_layout=&#8221;dark&#8221; custom_margin=&#8221;|15%||15%|false|true&#8221; custom_margin_tablet=&#8221;|0%||0%|false|false&#8221; custom_margin_phone=&#8221;&#8221; custom_margin_last_edited=&#8221;on|phone&#8221; animation_style=&#8221;fade&#8221; global_colors_info=&#8221;{}&#8221;]The telecommunications and media sector has been undergoing significant change for many years. These fiercely competitive sectors are subject to technological innovations (5G, fiber, etc.) and evolving uses (streaming, live feed, VOD, e-business, etc.).<\/p>\n<p>To respond to these challenges, the INTM Group supports companies in the telecom and media sector in their efforts to become more agile, competitive and optimized organizations.<\/p>\n<p>We are technically and functionally present on infrastructure, network, security expertise&#8230;[\/et_pb_text][et_pb_image src=&#8221;https:\/\/intm.com\/wp-content\/uploads\/2025\/10\/Telecoms-Medias-scaled.jpg&#8221; alt=&#8221;Telecom and Media&#8221; title_text=&#8221;medias&#8221; admin_label=&#8221;Image (avec marges 15% D et G sur desktop)&#8221; _builder_version=&#8221;4.27.4&#8243; _module_preset=&#8221;default&#8221; custom_margin=&#8221;|15%||15%|false|true&#8221; custom_margin_tablet=&#8221;|0%||0%|false|true&#8221; custom_margin_phone=&#8221;|0%||0%|false|true&#8221; custom_margin_last_edited=&#8221;on|tablet&#8221; animation_style=&#8221;slide&#8221; animation_direction=&#8221;bottom&#8221; global_colors_info=&#8221;{}&#8221;][\/et_pb_image][et_pb_text disabled_on=&#8221;on|on|on&#8221; admin_label=&#8221;Texte (avec marges 15% D et G sur desktop)&#8221; _builder_version=&#8221;4.17.6&#8243; _module_preset=&#8221;default&#8221; text_text_color=&#8221;#FFFFFF&#8221; header_5_font=&#8221;|300|on||||||&#8221; header_5_font_size=&#8221;19px&#8221; header_5_line_height=&#8221;1.4em&#8221; background_layout=&#8221;dark&#8221; custom_margin=&#8221;|15%||15%|false|true&#8221; custom_margin_tablet=&#8221;|0%||0%|false|false&#8221; custom_margin_phone=&#8221;&#8221; custom_margin_last_edited=&#8221;on|phone&#8221; animation_style=&#8221;fade&#8221; disabled=&#8221;on&#8221; global_colors_info=&#8221;{}&#8221;]<\/p>\n<h3>Au regard des constantes mutations et des \u00e9volutions technologiques dans ce secteur, les industriels font face \u00e0 de nouveaux d\u00e9fis :<\/h3>\n<ul>\n<li style=\"list-style-type: none;\">\n<ul>\n<li>Cr\u00e9er une cha\u00eene de logistique performante afin de pallier les impr\u00e9vus\u00a0;<\/li>\n<li>Connaitre et anticiper la gestion des stocks et d\u2019approvisionnement\u00a0;<\/li>\n<li>D\u00e9velopper et proposer des produits innovants\u00a0;<\/li>\n<li>Offrir une exp\u00e9rience client unique et personnalis\u00e9e\u00a0;<\/li>\n<li>Mettre en place de nouveaux syst\u00e8mes d\u2019automatisation.<\/li>\n<\/ul>\n<\/li>\n<\/ul>\n<p>Le Groupe INTM accompagne ses clients sur les d\u00e9fis prioritaires de l\u2019industrie notamment dans la transformation num\u00e9rique et dans l\u2019\u00e9volution des processus industriels et des processus de gestion m\u00e9tier et IT des entreprises industrielles. Il apporte son expertise sur l\u2019ensemble de la chaine de valeur M\u00e9tier et Syst\u00e8me d\u2019Informations.[\/et_pb_text][\/et_pb_column][\/et_pb_row][et_pb_row admin_label=&#8221;Ligne titre Success Stories&#8221; _builder_version=&#8221;4.16&#8243; custom_margin=&#8221;|||&#8221; custom_padding=&#8221;5vw||||false|false&#8221; scroll_horizontal_motion=&#8221;0|0|50|100|4|0|-4&#8243; scroll_fade=&#8221;0|75|75|100|0|100|100&#8243; global_colors_info=&#8221;{}&#8221;][et_pb_column type=&#8221;4_4&#8243; _builder_version=&#8221;4.16&#8243; custom_padding=&#8221;|||&#8221; global_colors_info=&#8221;{}&#8221; custom_padding__hover=&#8221;|||&#8221;][et_pb_text admin_label=&#8221;Texte (avec marges 15% D et G sur desktop)&#8221; _builder_version=&#8221;4.16&#8243; _module_preset=&#8221;default&#8221; text_text_color=&#8221;#FFFFFF&#8221; header_2_font=&#8221;Raleway|100|||||||&#8221; header_2_text_align=&#8221;right&#8221; header_2_font_size=&#8221;46px&#8221; header_5_font=&#8221;|300|on||||||&#8221; header_5_font_size=&#8221;19px&#8221; header_5_line_height=&#8221;1.4em&#8221; background_layout=&#8221;dark&#8221; custom_margin=&#8221;|15%||15%|false|true&#8221; custom_margin_tablet=&#8221;|0%||0%|false|false&#8221; custom_margin_phone=&#8221;&#8221; custom_margin_last_edited=&#8221;on|desktop&#8221; animation_style=&#8221;slide&#8221; animation_direction=&#8221;right&#8221; border_width_bottom=&#8221;1px&#8221; border_color_bottom=&#8221;#EDE8DF&#8221; global_colors_info=&#8221;{}&#8221;]<\/p>\n<h2>Success stories<\/h2>\n<p>[\/et_pb_text][\/et_pb_column][\/et_pb_row][et_pb_row column_structure=&#8221;1_2,1_2&#8243; custom_padding_last_edited=&#8221;on|phone&#8221; _builder_version=&#8221;4.16&#8243; custom_margin_tablet=&#8221;&#8221; custom_margin_phone=&#8221;&#8221; custom_margin_last_edited=&#8221;on|phone&#8221; custom_padding=&#8221;|15%||15%|false|true&#8221; custom_padding_tablet=&#8221;|0%||0%|false|true&#8221; custom_padding_phone=&#8221;|0%||0%|false|true&#8221; animation_style=&#8221;fade&#8221; scroll_horizontal_motion=&#8221;0|0|50|100|4|0|-4&#8243; scroll_fade=&#8221;0|75|75|100|0|100|100&#8243; global_colors_info=&#8221;{}&#8221;][et_pb_column type=&#8221;1_2&#8243; _builder_version=&#8221;4.16&#8243; custom_padding=&#8221;|||&#8221; global_colors_info=&#8221;{}&#8221; custom_padding__hover=&#8221;|||&#8221;][et_pb_text admin_label=&#8221;Texte (avec marges 15% G sur desktop)&#8221; _builder_version=&#8221;4.17.6&#8243; _module_preset=&#8221;default&#8221; text_text_color=&#8221;#FFFFFF&#8221; header_5_font=&#8221;|300|on||||||&#8221; header_5_font_size=&#8221;19px&#8221; header_5_line_height=&#8221;1.4em&#8221; background_layout=&#8221;dark&#8221; custom_margin_tablet=&#8221;&#8221; custom_margin_phone=&#8221;&#8221; custom_margin_last_edited=&#8221;on|phone&#8221; global_colors_info=&#8221;{}&#8221;]<\/p>\n<ul>\n<li>Studying the digital architecture of the After-Sales domain, as well as the omnichannel alignment of the Sales domain for the Retail subsidiary of a telecom operator and its integration with the IS Operator and partners (TOGAF method);<\/li>\n<li>For a French leader in telephony: optimizing and streamlining technical expertise centers, transforming the technical assistance activity into a service center;<\/li>\n<li>Improvement project of the infrastructures intended for a virtual office enterprise offer by a telecom operator.<\/li>\n<\/ul>\n<p>[\/et_pb_text][\/et_pb_column][et_pb_column type=&#8221;1_2&#8243; _builder_version=&#8221;4.16&#8243; custom_padding=&#8221;|||&#8221; global_colors_info=&#8221;{}&#8221; custom_padding__hover=&#8221;|||&#8221;][et_pb_text admin_label=&#8221;Texte (avec marges 15% D sur desktop)&#8221; _builder_version=&#8221;4.17.6&#8243; _module_preset=&#8221;default&#8221; text_text_color=&#8221;#FFFFFF&#8221; header_5_font=&#8221;|300|on||||||&#8221; header_5_font_size=&#8221;19px&#8221; header_5_line_height=&#8221;1.4em&#8221; background_layout=&#8221;dark&#8221; custom_margin_tablet=&#8221;&#8221; custom_margin_phone=&#8221;&#8221; custom_margin_last_edited=&#8221;on|phone&#8221; global_colors_info=&#8221;{}&#8221;]<\/p>\n<ul>\n<li>Managing the project transforming the broadcasting mode to High Definition for a television operator;<\/li>\n<li>Support for the business departments (Revenue Management, Sales Department, etc.) and the Technology Department in defining and executing the digital transformation plan of a large television group;<\/li>\n<li>Developing BI solutions for a television group.<\/li>\n<\/ul>\n<p>[\/et_pb_text][\/et_pb_column][\/et_pb_row][\/et_pb_section]<\/p>\n","protected":false},"excerpt":{"rendered":"<p>The telecommunications and media sector has been undergoing significant change for many years. These fiercely competitive sectors are subject to technological innovations (5G, fiber, etc.) and evolving uses (streaming, live feed, VOD, e-business, etc.). To respond to these challenges, the INTM Group supports companies in the telecom and media sector in their efforts to become [&hellip;]<\/p>\n","protected":false},"author":5,"featured_media":0,"parent":0,"menu_order":0,"comment_status":"closed","ping_status":"closed","template":"","meta":{"_et_pb_use_builder":"on","_et_pb_old_content":"","_et_gb_content_width":"","footnotes":""},"class_list":["post-6874","page","type-page","status-publish","hentry"],"yoast_head":"<!-- This site is optimized with the Yoast SEO plugin v27.0 - https:\/\/yoast.com\/product\/yoast-seo-wordpress\/ -->\n<title>Telecom and Media - INTM - Groupe INTM<\/title>\n<meta name=\"robots\" content=\"index, follow, max-snippet:-1, max-image-preview:large, max-video-preview:-1\" \/>\n<link rel=\"canonical\" href=\"https:\/\/intm.com\/en\/__trashed-6\/\" \/>\n<meta property=\"og:locale\" content=\"en_US\" \/>\n<meta property=\"og:type\" content=\"article\" \/>\n<meta property=\"og:title\" content=\"Telecom and Media - INTM - Groupe INTM\" \/>\n<meta property=\"og:description\" content=\"The telecommunications and media sector has been undergoing significant change for many years. These fiercely competitive sectors are subject to technological innovations (5G, fiber, etc.) and evolving uses (streaming, live feed, VOD, e-business, etc.). To respond to these challenges, the INTM Group supports companies in the telecom and media sector in their efforts to become [&hellip;]\" \/>\n<meta property=\"og:url\" content=\"https:\/\/intm.com\/en\/__trashed-6\/\" \/>\n<meta property=\"og:site_name\" content=\"INTM - Groupe INTM\" \/>\n<meta property=\"article:modified_time\" content=\"2025-10-16T09:52:46+00:00\" \/>\n<meta name=\"twitter:card\" content=\"summary_large_image\" \/>\n<meta name=\"twitter:label1\" content=\"Est. reading time\" \/>\n\t<meta name=\"twitter:data1\" content=\"2 minutes\" \/>\n<script type=\"application\/ld+json\" class=\"yoast-schema-graph\">{\"@context\":\"https:\/\/schema.org\",\"@graph\":[{\"@type\":\"WebPage\",\"@id\":\"https:\/\/intm.com\/en\/__trashed-6\/\",\"url\":\"https:\/\/intm.com\/en\/__trashed-6\/\",\"name\":\"Telecom and Media - INTM - Groupe INTM\",\"isPartOf\":{\"@id\":\"https:\/\/intm.com\/en\/#website\"},\"datePublished\":\"2022-08-10T12:51:31+00:00\",\"dateModified\":\"2025-10-16T09:52:46+00:00\",\"breadcrumb\":{\"@id\":\"https:\/\/intm.com\/en\/__trashed-6\/#breadcrumb\"},\"inLanguage\":\"en-US\",\"potentialAction\":[{\"@type\":\"ReadAction\",\"target\":[\"https:\/\/intm.com\/en\/__trashed-6\/\"]}]},{\"@type\":\"BreadcrumbList\",\"@id\":\"https:\/\/intm.com\/en\/__trashed-6\/#breadcrumb\",\"itemListElement\":[{\"@type\":\"ListItem\",\"position\":1,\"name\":\"Accueil\",\"item\":\"https:\/\/intm.com\/en\/\"},{\"@type\":\"ListItem\",\"position\":2,\"name\":\"Telecom and Media\"}]},{\"@type\":\"WebSite\",\"@id\":\"https:\/\/intm.com\/en\/#website\",\"url\":\"https:\/\/intm.com\/en\/\",\"name\":\"INTM - Groupe INTM\",\"description\":\"Because technology is all about people\",\"potentialAction\":[{\"@type\":\"SearchAction\",\"target\":{\"@type\":\"EntryPoint\",\"urlTemplate\":\"https:\/\/intm.com\/en\/?s={search_term_string}\"},\"query-input\":{\"@type\":\"PropertyValueSpecification\",\"valueRequired\":true,\"valueName\":\"search_term_string\"}}],\"inLanguage\":\"en-US\"}]}<\/script>\n<!-- \/ Yoast SEO plugin. -->","yoast_head_json":{"title":"Telecom and Media - INTM - Groupe INTM","robots":{"index":"index","follow":"follow","max-snippet":"max-snippet:-1","max-image-preview":"max-image-preview:large","max-video-preview":"max-video-preview:-1"},"canonical":"https:\/\/intm.com\/en\/__trashed-6\/","og_locale":"en_US","og_type":"article","og_title":"Telecom and Media - INTM - Groupe INTM","og_description":"The telecommunications and media sector has been undergoing significant change for many years. These fiercely competitive sectors are subject to technological innovations (5G, fiber, etc.) and evolving uses (streaming, live feed, VOD, e-business, etc.). To respond to these challenges, the INTM Group supports companies in the telecom and media sector in their efforts to become [&hellip;]","og_url":"https:\/\/intm.com\/en\/__trashed-6\/","og_site_name":"INTM - Groupe INTM","article_modified_time":"2025-10-16T09:52:46+00:00","twitter_card":"summary_large_image","twitter_misc":{"Est. reading time":"2 minutes"},"schema":{"@context":"https:\/\/schema.org","@graph":[{"@type":"WebPage","@id":"https:\/\/intm.com\/en\/__trashed-6\/","url":"https:\/\/intm.com\/en\/__trashed-6\/","name":"Telecom and Media - INTM - Groupe INTM","isPartOf":{"@id":"https:\/\/intm.com\/en\/#website"},"datePublished":"2022-08-10T12:51:31+00:00","dateModified":"2025-10-16T09:52:46+00:00","breadcrumb":{"@id":"https:\/\/intm.com\/en\/__trashed-6\/#breadcrumb"},"inLanguage":"en-US","potentialAction":[{"@type":"ReadAction","target":["https:\/\/intm.com\/en\/__trashed-6\/"]}]},{"@type":"BreadcrumbList","@id":"https:\/\/intm.com\/en\/__trashed-6\/#breadcrumb","itemListElement":[{"@type":"ListItem","position":1,"name":"Accueil","item":"https:\/\/intm.com\/en\/"},{"@type":"ListItem","position":2,"name":"Telecom and Media"}]},{"@type":"WebSite","@id":"https:\/\/intm.com\/en\/#website","url":"https:\/\/intm.com\/en\/","name":"INTM - Groupe INTM","description":"Because technology is all about people","potentialAction":[{"@type":"SearchAction","target":{"@type":"EntryPoint","urlTemplate":"https:\/\/intm.com\/en\/?s={search_term_string}"},"query-input":{"@type":"PropertyValueSpecification","valueRequired":true,"valueName":"search_term_string"}}],"inLanguage":"en-US"}]}},"_links":{"self":[{"href":"https:\/\/intm.com\/en\/wp-json\/wp\/v2\/pages\/6874","targetHints":{"allow":["GET"]}}],"collection":[{"href":"https:\/\/intm.com\/en\/wp-json\/wp\/v2\/pages"}],"about":[{"href":"https:\/\/intm.com\/en\/wp-json\/wp\/v2\/types\/page"}],"author":[{"embeddable":true,"href":"https:\/\/intm.com\/en\/wp-json\/wp\/v2\/users\/5"}],"replies":[{"embeddable":true,"href":"https:\/\/intm.com\/en\/wp-json\/wp\/v2\/comments?post=6874"}],"version-history":[{"count":7,"href":"https:\/\/intm.com\/en\/wp-json\/wp\/v2\/pages\/6874\/revisions"}],"predecessor-version":[{"id":10147,"href":"https:\/\/intm.com\/en\/wp-json\/wp\/v2\/pages\/6874\/revisions\/10147"}],"wp:attachment":[{"href":"https:\/\/intm.com\/en\/wp-json\/wp\/v2\/media?parent=6874"}],"curies":[{"name":"wp","href":"https:\/\/api.w.org\/{rel}","templated":true}]}}