{"id":7547,"date":"2023-09-12T14:35:12","date_gmt":"2023-09-12T12:35:12","guid":{"rendered":"https:\/\/intm.com\/hpc\/"},"modified":"2025-10-09T11:44:09","modified_gmt":"2025-10-09T09:44:09","slug":"hpc","status":"publish","type":"page","link":"https:\/\/intm.com\/nl\/hpc\/","title":{"rendered":"HPC"},"content":{"rendered":"<p>[et_pb_section fb_built=&#8221;1&#8243; fullwidth=&#8221;on&#8221; admin_label=&#8221;Hero &#8211; Visuel 1900&#215;600&#8243; _builder_version=&#8221;4.27.4&#8243; background_image=&#8221;https:\/\/intm.com\/wp-content\/uploads\/2025\/10\/HPC_Plan-de-travail-1-copie-10-e1759929651272.jpg&#8221; background_enable_video_mp4=&#8221;off&#8221; custom_margin=&#8221;0px||||false|false&#8221; custom_padding=&#8221;0px|0|0px|0px|false|false&#8221; bottom_divider_color=&#8221;#000000&#8243; bottom_divider_height=&#8221;50px&#8221; locked=&#8221;off&#8221; collapsed=&#8221;off&#8221; global_colors_info=&#8221;{}&#8221;][et_pb_fullwidth_header title=&#8221;HPC&#8221; text_orientation=&#8221;center&#8221; admin_label=&#8221;Fullwidth Header &#8211; TITRE H1 en blanc&#8221; _builder_version=&#8221;4.16&#8243; title_font=&#8221;Raleway|100||on|||||&#8221; title_text_align=&#8221;center&#8221; title_font_size=&#8221;72px&#8221; title_line_height=&#8221;1.4em&#8221; content_font=&#8221;Raleway|100|||||||&#8221; content_text_align=&#8221;left&#8221; content_font_size=&#8221;100px&#8221; content_line_height=&#8221;0.2em&#8221; subhead_font=&#8221;Ubuntu||||||||&#8221; subhead_font_size=&#8221;48px&#8221; subhead_line_height=&#8221;-3em&#8221; background_color=&#8221;rgba(0,0,0,0)&#8221; use_background_color_gradient=&#8221;on&#8221; background_color_gradient_direction=&#8221;140deg&#8221; background_color_gradient_stops=&#8221;rgba(16,44,84,0.75) 0%|rgba(0,0,0,0.75) 100%&#8221; background_color_gradient_overlays_image=&#8221;on&#8221; background_color_gradient_start=&#8221;rgba(16,44,84,0.75)&#8221; background_color_gradient_end=&#8221;rgba(0,0,0,0.75)&#8221; background_enable_image=&#8221;off&#8221; background_size=&#8221;initial&#8221; background_repeat=&#8221;repeat&#8221; background_blend=&#8221;overlay&#8221; custom_button_one=&#8221;on&#8221; button_one_text_size=&#8221;15px&#8221; button_one_bg_color=&#8221;#ffa727&#8243; button_one_border_width=&#8221;15px&#8221; button_one_border_color=&#8221;#ffa727&#8243; button_one_border_radius=&#8221;100px&#8221; button_one_letter_spacing=&#8221;5px&#8221; button_one_font=&#8221;Open Sans|700||on|||||&#8221; custom_margin=&#8221;||||false|false&#8221; custom_padding=&#8221;||||false|false&#8221; custom_padding_phone=&#8221;|||&#8221; custom_padding_last_edited=&#8221;off|phone&#8221; title_font_size_tablet=&#8221;60px&#8221; title_font_size_phone=&#8221;36px&#8221; title_font_size_last_edited=&#8221;on|phone&#8221; content_font_size_tablet=&#8221;&#8221; content_font_size_phone=&#8221;16px&#8221; content_font_size_last_edited=&#8221;on|phone&#8221; button_one_text_size_tablet=&#8221;&#8221; button_one_text_size_phone=&#8221;&#8221; button_one_text_size_last_edited=&#8221;on|desktop&#8221; button_one_border_color_hover=&#8221;#ff8a3d&#8221; button_one_border_radius_hover=&#8221;100px&#8221; button_one_letter_spacing_hover=&#8221;5px&#8221; button_one_bg_color_hover=&#8221;#ff8a3d&#8221; global_colors_info=&#8221;{}&#8221; button_one_text_size__hover_enabled=&#8221;off&#8221; button_two_text_size__hover_enabled=&#8221;off&#8221; button_one_text_color__hover_enabled=&#8221;off&#8221; button_two_text_color__hover_enabled=&#8221;off&#8221; button_one_border_width__hover_enabled=&#8221;off&#8221; button_two_border_width__hover_enabled=&#8221;off&#8221; button_one_border_color__hover_enabled=&#8221;on&#8221; button_one_border_color__hover=&#8221;#ff8a3d&#8221; button_two_border_color__hover_enabled=&#8221;off&#8221; button_one_border_radius__hover_enabled=&#8221;on&#8221; button_one_border_radius__hover=&#8221;100px&#8221; button_two_border_radius__hover_enabled=&#8221;off&#8221; button_one_letter_spacing__hover_enabled=&#8221;on&#8221; button_one_letter_spacing__hover=&#8221;5px&#8221; button_two_letter_spacing__hover_enabled=&#8221;off&#8221; button_one_bg_color__hover_enabled=&#8221;on&#8221; button_one_bg_color__hover=&#8221;#ff8a3d&#8221; button_two_bg_color__hover_enabled=&#8221;off&#8221;][\/et_pb_fullwidth_header][\/et_pb_section][et_pb_section fb_built=&#8221;1&#8243; admin_label=&#8221;Section bas&#8221; _builder_version=&#8221;4.16&#8243; _module_preset=&#8221;default&#8221; background_color=&#8221;#000000&#8243; background_color_gradient_direction=&#8221;250deg&#8221; background_enable_image=&#8221;off&#8221; bottom_divider_color=&#8221;#000000&#8243; bottom_divider_height=&#8221;75px&#8221; bottom_divider_flip=&#8221;vertical&#8221; locked=&#8221;off&#8221; collapsed=&#8221;off&#8221; global_colors_info=&#8221;{}&#8221;][et_pb_row _builder_version=&#8221;4.16&#8243; custom_margin=&#8221;|||&#8221; custom_padding=&#8221;5vw||||false|false&#8221; scroll_horizontal_motion=&#8221;0|0|50|100|4|0|-4&#8243; scroll_fade=&#8221;0|75|75|100|0|100|100&#8243; global_colors_info=&#8221;{}&#8221;][et_pb_column type=&#8221;4_4&#8243; _builder_version=&#8221;4.16&#8243; custom_padding=&#8221;|||&#8221; global_colors_info=&#8221;{}&#8221; custom_padding__hover=&#8221;|||&#8221;][et_pb_text admin_label=&#8221;Texte (avec marges 15% D et G sur desktop)&#8221; _builder_version=&#8221;4.16&#8243; _module_preset=&#8221;default&#8221; text_text_color=&#8221;#FFFFFF&#8221; header_2_font=&#8221;|300|||||||&#8221; header_2_font_size=&#8221;32px&#8221; header_5_font=&#8221;|300|on||||||&#8221; header_5_font_size=&#8221;19px&#8221; header_5_line_height=&#8221;1.4em&#8221; background_layout=&#8221;dark&#8221; custom_margin=&#8221;|15%||15%|false|true&#8221; custom_margin_tablet=&#8221;|0%||0%|false|false&#8221; custom_margin_phone=&#8221;&#8221; custom_margin_last_edited=&#8221;on|phone&#8221; animation_style=&#8221;fade&#8221; global_colors_info=&#8221;{}&#8221;]<\/p>\n<p><span data-contrast=\"auto\">HPC (High Performance Computing) bestaat uit het inzetten van computers die dankzij parallelle computertechnologie\u00ebn het aantal gelijktijdig uitgevoerde bewerkingen aanzienlijk kunnen vermenigvuldigen, waardoor complexere taken met een grotere hoeveelheid gegevens sneller kunnen worden uitgevoerd dan met conventionele computers.\u00a0<\/span><span data-ccp-props=\"{&quot;201341983&quot;:0,&quot;335559739&quot;:160,&quot;335559740&quot;:259}\">\u00a0<\/span><\/p>\n<p><span data-contrast=\"auto\">Bedrijven die zich bezighouden met zaken die een snelle verwerking van zeer grote hoeveelheden informatie vereisen, moeten wellicht HPC-technologie\u00ebn implementeren. Analysetechnieken worden vaak geassocieerd met de implementatie van technologie\u00ebn zoals Big Data, artifici\u00eble intelligentie en Machine Learning. <\/span><span data-ccp-props=\"{&quot;134233117&quot;:false,&quot;134233118&quot;:false,&quot;201341983&quot;:0,&quot;335551550&quot;:1,&quot;335551620&quot;:1,&quot;335559685&quot;:0,&quot;335559737&quot;:0,&quot;335559738&quot;:0,&quot;335559739&quot;:160,&quot;335559740&quot;:259}\">\u00a0<\/span><\/p>\n<p>[\/et_pb_text][et_pb_image src=&#8221;https:\/\/intm.com\/wp-content\/uploads\/2025\/10\/multi-ethnic-colleagues-working-together-at-data-c-2025-03-15-19-35-44-utc.jpg&#8221; alt=&#8221;HPC&#8221; title_text=&#8221;HPC&#8221; admin_label=&#8221;Image (avec marges 15% D et G sur desktop)&#8221; _builder_version=&#8221;4.27.4&#8243; _module_preset=&#8221;default&#8221; custom_margin=&#8221;|15%||15%|false|true&#8221; custom_margin_tablet=&#8221;|0%||0%|false|true&#8221; custom_margin_phone=&#8221;|0%||0%|false|true&#8221; custom_margin_last_edited=&#8221;on|tablet&#8221; animation_style=&#8221;slide&#8221; animation_direction=&#8221;bottom&#8221; hover_enabled=&#8221;0&#8243; global_colors_info=&#8221;{}&#8221; sticky_enabled=&#8221;0&#8243;][\/et_pb_image][et_pb_text admin_label=&#8221;Texte (avec marges 15% D et G sur desktop)&#8221; _builder_version=&#8221;4.16&#8243; _module_preset=&#8221;default&#8221; text_text_color=&#8221;#FFFFFF&#8221; header_5_font=&#8221;|300|on||||||&#8221; header_5_font_size=&#8221;19px&#8221; header_5_line_height=&#8221;1.4em&#8221; background_layout=&#8221;dark&#8221; custom_margin=&#8221;|15%||15%|false|true&#8221; custom_margin_tablet=&#8221;|0%||0%|false|false&#8221; custom_margin_phone=&#8221;&#8221; custom_margin_last_edited=&#8221;on|phone&#8221; animation_style=&#8221;fade&#8221; global_colors_info=&#8221;{}&#8221;]<\/p>\n<p><span data-contrast=\"auto\">De INTM Group voorziet haar klanten van experts (ingenieurs, beheerders, architecten en developers) die speciaal ervaren en getraind zijn in deze technologie\u00ebn. Onze diensten voor de korte, middellange en lange termijn bestrijken de <strong>hele keten van de implementatie en het gebruik<\/strong> van HPC-systemen: <\/span><span data-ccp-props=\"{&quot;134233117&quot;:false,&quot;134233118&quot;:false,&quot;201341983&quot;:0,&quot;335551550&quot;:1,&quot;335551620&quot;:1,&quot;335559685&quot;:0,&quot;335559737&quot;:0,&quot;335559738&quot;:0,&quot;335559739&quot;:160,&quot;335559740&quot;:259}\">\u00a0<\/span><\/p>\n<ul>\n<li data-leveltext=\"\uf0b7\" data-font=\"Symbol\" data-listid=\"2\" data-list-defn-props=\"{&quot;335552541&quot;:1,&quot;335559684&quot;:-2,&quot;335559685&quot;:720,&quot;335559991&quot;:360,&quot;469769226&quot;:&quot;Symbol&quot;,&quot;469769242&quot;:[8226],&quot;469777803&quot;:&quot;left&quot;,&quot;469777804&quot;:&quot;\uf0b7&quot;,&quot;469777815&quot;:&quot;hybridMultilevel&quot;}\" aria-setsize=\"-1\" data-aria-posinset=\"1\" data-aria-level=\"1\"><span data-contrast=\"auto\"><strong>Audit en consultancy<\/strong>: HPC cluster implementatiestudie, infrastructuuraudit, ontwerp van nieuwe architecturen, ondersteuning, sturing en projectbeheer;\u00a0<\/span><span data-ccp-props=\"{&quot;134233117&quot;:false,&quot;134233118&quot;:false,&quot;201341983&quot;:0,&quot;335551550&quot;:1,&quot;335551620&quot;:1,&quot;335559737&quot;:0,&quot;335559738&quot;:0,&quot;335559739&quot;:160,&quot;335559740&quot;:259}\">\u00a0<\/span><\/li>\n<li data-leveltext=\"\uf0b7\" data-font=\"Symbol\" data-listid=\"2\" data-list-defn-props=\"{&quot;335552541&quot;:1,&quot;335559684&quot;:-2,&quot;335559685&quot;:720,&quot;335559991&quot;:360,&quot;469769226&quot;:&quot;Symbol&quot;,&quot;469769242&quot;:[8226],&quot;469777803&quot;:&quot;left&quot;,&quot;469777804&quot;:&quot;\uf0b7&quot;,&quot;469777815&quot;:&quot;hybridMultilevel&quot;}\" aria-setsize=\"-1\" data-aria-posinset=\"2\" data-aria-level=\"1\"><span data-contrast=\"auto\">\u00a0<strong>Operationele ondersteuning<\/strong> voor implementatieprojecten van HPC-systemen;<\/span><\/li>\n<li data-leveltext=\"\uf0b7\" data-font=\"Symbol\" data-listid=\"2\" data-list-defn-props=\"{&quot;335552541&quot;:1,&quot;335559684&quot;:-2,&quot;335559685&quot;:720,&quot;335559991&quot;:360,&quot;469769226&quot;:&quot;Symbol&quot;,&quot;469769242&quot;:[8226],&quot;469777803&quot;:&quot;left&quot;,&quot;469777804&quot;:&quot;\uf0b7&quot;,&quot;469777815&quot;:&quot;hybridMultilevel&quot;}\" aria-setsize=\"-1\" data-aria-posinset=\"2\" data-aria-level=\"1\"><span data-contrast=\"auto\"><strong>Uitbesteding<\/strong>: Ondersteuning voor gebruik en upgrades, onderhoud in operationele omstandigheden, upgradebeheer, enz.\u00a0<\/span><\/li>\n<\/ul>\n<p>[\/et_pb_text][\/et_pb_column][\/et_pb_row][et_pb_row admin_label=&#8221;Ligne titre Success Stories&#8221; _builder_version=&#8221;4.16&#8243; custom_margin=&#8221;|||&#8221; custom_padding=&#8221;5vw||||false|false&#8221; scroll_horizontal_motion=&#8221;0|0|50|100|4|0|-4&#8243; scroll_fade=&#8221;0|75|75|100|0|100|100&#8243; global_colors_info=&#8221;{}&#8221;][et_pb_column type=&#8221;4_4&#8243; _builder_version=&#8221;4.16&#8243; custom_padding=&#8221;|||&#8221; global_colors_info=&#8221;{}&#8221; custom_padding__hover=&#8221;|||&#8221;][et_pb_text admin_label=&#8221;Texte (avec marges 15% D et G sur desktop)&#8221; _builder_version=&#8221;4.16&#8243; _module_preset=&#8221;default&#8221; text_text_color=&#8221;#FFFFFF&#8221; header_2_font=&#8221;Raleway|100|||||||&#8221; header_2_text_align=&#8221;right&#8221; header_2_font_size=&#8221;46px&#8221; header_5_font=&#8221;|300|on||||||&#8221; header_5_font_size=&#8221;19px&#8221; header_5_line_height=&#8221;1.4em&#8221; background_layout=&#8221;dark&#8221; custom_margin=&#8221;|15%||15%|false|true&#8221; custom_margin_tablet=&#8221;|0%||0%|false|false&#8221; custom_margin_phone=&#8221;&#8221; custom_margin_last_edited=&#8221;on|desktop&#8221; animation_style=&#8221;slide&#8221; animation_direction=&#8221;right&#8221; border_width_bottom=&#8221;1px&#8221; border_color_bottom=&#8221;#EDE8DF&#8221; global_colors_info=&#8221;{}&#8221;]<\/p>\n<h2><span class=\"NormalTextRun SpellingErrorV2Themed SpellingErrorHighlight SCXW220909371 BCX9\">Succesverhalen<\/span><\/h2>\n<p>[\/et_pb_text][\/et_pb_column][\/et_pb_row][et_pb_row column_structure=&#8221;1_2,1_2&#8243; custom_padding_last_edited=&#8221;on|phone&#8221; _builder_version=&#8221;4.16&#8243; custom_margin_tablet=&#8221;&#8221; custom_margin_phone=&#8221;&#8221; custom_margin_last_edited=&#8221;on|phone&#8221; custom_padding=&#8221;|15%||15%|false|true&#8221; custom_padding_tablet=&#8221;|0%||0%|false|true&#8221; custom_padding_phone=&#8221;|0%||0%|false|true&#8221; animation_style=&#8221;fade&#8221; scroll_horizontal_motion=&#8221;0|0|50|100|4|0|-4&#8243; scroll_fade=&#8221;0|75|75|100|0|100|100&#8243; global_colors_info=&#8221;{}&#8221;][et_pb_column type=&#8221;1_2&#8243; _builder_version=&#8221;4.16&#8243; custom_padding=&#8221;|||&#8221; global_colors_info=&#8221;{}&#8221; custom_padding__hover=&#8221;|||&#8221;][et_pb_text admin_label=&#8221;Texte (avec marges 15% G sur desktop)&#8221; _builder_version=&#8221;4.16&#8243; _module_preset=&#8221;default&#8221; text_text_color=&#8221;#FFFFFF&#8221; header_5_font=&#8221;|300|on||||||&#8221; header_5_font_size=&#8221;19px&#8221; header_5_line_height=&#8221;1.4em&#8221; background_layout=&#8221;dark&#8221; custom_margin_tablet=&#8221;&#8221; custom_margin_phone=&#8221;&#8221; custom_margin_last_edited=&#8221;on|phone&#8221; global_colors_info=&#8221;{}&#8221;]<\/p>\n<ul>\n<li><span class=\"NormalTextRun SCXW224174693 BCX9\">Al <\/span><span class=\"NormalTextRun SpellingErrorV2Themed SCXW224174693 BCX9\">meer<\/span><span class=\"NormalTextRun SCXW224174693 BCX9\"> dan 8 <\/span><span class=\"NormalTextRun SpellingErrorV2Themed SCXW224174693 BCX9\">jaar<\/span> <span class=\"NormalTextRun SpellingErrorV2Themed SCXW224174693 BCX9\">levert<\/span><span class=\"NormalTextRun SCXW224174693 BCX9\"> de INTM Group <\/span><span class=\"NormalTextRun SpellingErrorV2Themed SCXW224174693 BCX9\">haar<\/span><span class=\"NormalTextRun SCXW224174693 BCX9\"> HPC-expertise <\/span><span class=\"NormalTextRun SpellingErrorV2Themed SCXW224174693 BCX9\">aan<\/span> <span class=\"NormalTextRun SpellingErrorV2Themed SCXW224174693 BCX9\">een<\/span> <span class=\"NormalTextRun SpellingErrorV2Themed SCXW224174693 BCX9\">grote<\/span> <span class=\"NormalTextRun SpellingErrorV2Themed SCXW224174693 BCX9\">groep<\/span><span class=\"NormalTextRun SCXW224174693 BCX9\"> in de <\/span><span class=\"NormalTextRun SpellingErrorV2Themed SCXW224174693 BCX9\">nucleaire<\/span> <span class=\"NormalTextRun SpellingErrorV2Themed SCXW224174693 BCX9\">sector<\/span><span class=\"NormalTextRun SCXW224174693 BCX9\">, <\/span><span class=\"NormalTextRun SpellingErrorV2Themed SCXW224174693 BCX9\">vanaf<\/span><span class=\"NormalTextRun SCXW224174693 BCX9\"> het <\/span><span class=\"NormalTextRun SpellingErrorV2Themed SCXW224174693 BCX9\">begin<\/span><span class=\"NormalTextRun SCXW224174693 BCX9\"> van de <\/span><span class=\"NormalTextRun SpellingErrorV2Themed SCXW224174693 BCX9\">clusterimplementatie<\/span> <span class=\"NormalTextRun SpellingErrorV2Themed SCXW224174693 BCX9\">tot<\/span><span class=\"NormalTextRun SCXW224174693 BCX9\"> en met de monitoring, upgrades en het <\/span><span class=\"NormalTextRun SpellingErrorV2Themed SCXW224174693 BCX9\">beheer<\/span><span class=\"NormalTextRun SCXW224174693 BCX9\"> van <\/span><span class=\"NormalTextRun SpellingErrorV2Themed SCXW224174693 BCX9\">wetenschappelijke<\/span> <span class=\"NormalTextRun SpellingErrorV2Themed SCXW224174693 BCX9\">faciliteiten<\/span><span class=\"NormalTextRun SCXW224174693 BCX9\">, die met <\/span><span class=\"NormalTextRun SpellingErrorV2Themed SCXW224174693 BCX9\">name<\/span> <span class=\"NormalTextRun SpellingErrorV2Themed SCXW224174693 BCX9\">worden<\/span> <span class=\"NormalTextRun SpellingErrorV2Themed SCXW224174693 BCX9\">gebruikt<\/span><span class=\"NormalTextRun SCXW224174693 BCX9\"> om <\/span><span class=\"NormalTextRun SpellingErrorV2Themed SCXW224174693 BCX9\">nucleair<\/span> <span class=\"NormalTextRun SpellingErrorV2Themed SCXW224174693 BCX9\">gerelateerde<\/span> <span class=\"NormalTextRun SpellingErrorV2Themed SCXW224174693 BCX9\">activiteiten<\/span><span class=\"NormalTextRun SCXW224174693 BCX9\"> te <\/span><span class=\"NormalTextRun SpellingErrorV2Themed SCXW224174693 BCX9\">beheren<\/span><span class=\"NormalTextRun SCXW224174693 BCX9\">.<\/span><\/li>\n<\/ul>\n<p>[\/et_pb_text][\/et_pb_column][et_pb_column type=&#8221;1_2&#8243; _builder_version=&#8221;4.16&#8243; custom_padding=&#8221;|||&#8221; global_colors_info=&#8221;{}&#8221; custom_padding__hover=&#8221;|||&#8221;][et_pb_text admin_label=&#8221;Texte (avec marges 15% D sur desktop)&#8221; _builder_version=&#8221;4.16&#8243; _module_preset=&#8221;default&#8221; text_text_color=&#8221;#FFFFFF&#8221; header_5_font=&#8221;|300|on||||||&#8221; header_5_font_size=&#8221;19px&#8221; header_5_line_height=&#8221;1.4em&#8221; background_layout=&#8221;dark&#8221; custom_margin_tablet=&#8221;&#8221; custom_margin_phone=&#8221;&#8221; custom_margin_last_edited=&#8221;on|phone&#8221; global_colors_info=&#8221;{}&#8221;]<\/p>\n<ul>\n<li><span class=\"TextRun SCXW152224147 BCX9\" lang=\"FR-FR\" xml:lang=\"FR-FR\" data-contrast=\"auto\"><span class=\"NormalTextRun SCXW152224147 BCX9\">INTM Group <\/span><span class=\"NormalTextRun SpellingErrorV2Themed SCXW152224147 BCX9\">assisteert<\/span><span class=\"NormalTextRun SCXW152224147 BCX9\"> de IT-<\/span><span class=\"NormalTextRun SpellingErrorV2Themed SCXW152224147 BCX9\">afdeling<\/span> <span class=\"NormalTextRun SpellingErrorV2Themed SCXW152224147 BCX9\">bij<\/span><span class=\"NormalTextRun SCXW152224147 BCX9\"> de monitoring en <\/span><span class=\"NormalTextRun SpellingErrorV2Themed SCXW152224147 BCX9\">alle<\/span> <span class=\"NormalTextRun SpellingErrorV2Themed SCXW152224147 BCX9\">ontwikkelingen<\/span><span class=\"NormalTextRun SCXW152224147 BCX9\"> die <\/span><span class=\"NormalTextRun SpellingErrorV2Themed SCXW152224147 BCX9\">verband<\/span> <span class=\"NormalTextRun SpellingErrorV2Themed SCXW152224147 BCX9\">houden<\/span><span class=\"NormalTextRun SCXW152224147 BCX9\"> met de clusters van <\/span><span class=\"NormalTextRun SpellingErrorV2Themed SCXW152224147 BCX9\">een<\/span> <span class=\"NormalTextRun SpellingErrorV2Themed SCXW152224147 BCX9\">grote<\/span> <span class=\"NormalTextRun SpellingErrorV2Themed SCXW152224147 BCX9\">groep<\/span><span class=\"NormalTextRun SCXW152224147 BCX9\"> in de <\/span><span class=\"NormalTextRun SpellingErrorV2Themed SCXW152224147 BCX9\">energiesector<\/span><span class=\"NormalTextRun SCXW152224147 BCX9\">.<\/span><\/span><span class=\"EOP SCXW152224147 BCX9\" data-ccp-props=\"{&quot;134233117&quot;:false,&quot;134233118&quot;:false,&quot;201341983&quot;:0,&quot;335551550&quot;:1,&quot;335551620&quot;:1,&quot;335559737&quot;:0,&quot;335559738&quot;:0,&quot;335559739&quot;:160,&quot;335559740&quot;:259}\">\u00a0<\/span><\/li>\n<\/ul>\n<p>[\/et_pb_text][\/et_pb_column][\/et_pb_row][\/et_pb_section]<\/p>\n","protected":false},"excerpt":{"rendered":"<p>HPC (High Performance Computing) bestaat uit het inzetten van computers die dankzij parallelle computertechnologie\u00ebn het aantal gelijktijdig uitgevoerde bewerkingen aanzienlijk kunnen vermenigvuldigen, waardoor complexere taken met een grotere hoeveelheid gegevens sneller kunnen worden uitgevoerd dan met conventionele computers.\u00a0\u00a0 Bedrijven die zich bezighouden met zaken die een snelle verwerking van zeer grote hoeveelheden informatie vereisen, moeten [&hellip;]<\/p>\n","protected":false},"author":1,"featured_media":0,"parent":0,"menu_order":0,"comment_status":"closed","ping_status":"closed","template":"","meta":{"_et_pb_use_builder":"on","_et_pb_old_content":"","_et_gb_content_width":"","footnotes":""},"class_list":["post-7547","page","type-page","status-publish","hentry"],"yoast_head":"<!-- This site is optimized with the Yoast SEO plugin v27.0 - https:\/\/yoast.com\/product\/yoast-seo-wordpress\/ -->\n<title>HPC - INTM - Groupe INTM<\/title>\n<meta name=\"robots\" content=\"index, follow, max-snippet:-1, max-image-preview:large, max-video-preview:-1\" \/>\n<link rel=\"canonical\" href=\"https:\/\/intm.com\/nl\/hpc\/\" \/>\n<meta property=\"og:locale\" content=\"nl_NL\" \/>\n<meta property=\"og:type\" content=\"article\" \/>\n<meta property=\"og:title\" content=\"HPC - INTM - Groupe INTM\" \/>\n<meta property=\"og:description\" content=\"HPC (High Performance Computing) bestaat uit het inzetten van computers die dankzij parallelle computertechnologie\u00ebn het aantal gelijktijdig uitgevoerde bewerkingen aanzienlijk kunnen vermenigvuldigen, waardoor complexere taken met een grotere hoeveelheid gegevens sneller kunnen worden uitgevoerd dan met conventionele computers.\u00a0\u00a0 Bedrijven die zich bezighouden met zaken die een snelle verwerking van zeer grote hoeveelheden informatie vereisen, moeten [&hellip;]\" \/>\n<meta property=\"og:url\" content=\"https:\/\/intm.com\/nl\/hpc\/\" \/>\n<meta property=\"og:site_name\" content=\"INTM - Groupe INTM\" \/>\n<meta property=\"article:modified_time\" content=\"2025-10-09T09:44:09+00:00\" \/>\n<meta name=\"twitter:card\" content=\"summary_large_image\" \/>\n<meta name=\"twitter:label1\" content=\"Geschatte leestijd\" \/>\n\t<meta name=\"twitter:data1\" content=\"2 minuten\" \/>\n<script type=\"application\/ld+json\" class=\"yoast-schema-graph\">{\"@context\":\"https:\/\/schema.org\",\"@graph\":[{\"@type\":\"WebPage\",\"@id\":\"https:\/\/intm.com\/nl\/hpc\/\",\"url\":\"https:\/\/intm.com\/nl\/hpc\/\",\"name\":\"HPC - INTM - Groupe INTM\",\"isPartOf\":{\"@id\":\"https:\/\/intm.com\/nl\/#website\"},\"datePublished\":\"2023-09-12T12:35:12+00:00\",\"dateModified\":\"2025-10-09T09:44:09+00:00\",\"breadcrumb\":{\"@id\":\"https:\/\/intm.com\/nl\/hpc\/#breadcrumb\"},\"inLanguage\":\"nl-NL\",\"potentialAction\":[{\"@type\":\"ReadAction\",\"target\":[\"https:\/\/intm.com\/nl\/hpc\/\"]}]},{\"@type\":\"BreadcrumbList\",\"@id\":\"https:\/\/intm.com\/nl\/hpc\/#breadcrumb\",\"itemListElement\":[{\"@type\":\"ListItem\",\"position\":1,\"name\":\"Accueil\",\"item\":\"https:\/\/intm.com\/nl\/\"},{\"@type\":\"ListItem\",\"position\":2,\"name\":\"HPC\"}]},{\"@type\":\"WebSite\",\"@id\":\"https:\/\/intm.com\/nl\/#website\",\"url\":\"https:\/\/intm.com\/nl\/\",\"name\":\"INTM - Groupe INTM\",\"description\":\"Because technology is all about people\",\"potentialAction\":[{\"@type\":\"SearchAction\",\"target\":{\"@type\":\"EntryPoint\",\"urlTemplate\":\"https:\/\/intm.com\/nl\/?s={search_term_string}\"},\"query-input\":{\"@type\":\"PropertyValueSpecification\",\"valueRequired\":true,\"valueName\":\"search_term_string\"}}],\"inLanguage\":\"nl-NL\"}]}<\/script>\n<!-- \/ Yoast SEO plugin. -->","yoast_head_json":{"title":"HPC - INTM - Groupe INTM","robots":{"index":"index","follow":"follow","max-snippet":"max-snippet:-1","max-image-preview":"max-image-preview:large","max-video-preview":"max-video-preview:-1"},"canonical":"https:\/\/intm.com\/nl\/hpc\/","og_locale":"nl_NL","og_type":"article","og_title":"HPC - INTM - Groupe INTM","og_description":"HPC (High Performance Computing) bestaat uit het inzetten van computers die dankzij parallelle computertechnologie\u00ebn het aantal gelijktijdig uitgevoerde bewerkingen aanzienlijk kunnen vermenigvuldigen, waardoor complexere taken met een grotere hoeveelheid gegevens sneller kunnen worden uitgevoerd dan met conventionele computers.\u00a0\u00a0 Bedrijven die zich bezighouden met zaken die een snelle verwerking van zeer grote hoeveelheden informatie vereisen, moeten [&hellip;]","og_url":"https:\/\/intm.com\/nl\/hpc\/","og_site_name":"INTM - Groupe INTM","article_modified_time":"2025-10-09T09:44:09+00:00","twitter_card":"summary_large_image","twitter_misc":{"Geschatte leestijd":"2 minuten"},"schema":{"@context":"https:\/\/schema.org","@graph":[{"@type":"WebPage","@id":"https:\/\/intm.com\/nl\/hpc\/","url":"https:\/\/intm.com\/nl\/hpc\/","name":"HPC - INTM - Groupe INTM","isPartOf":{"@id":"https:\/\/intm.com\/nl\/#website"},"datePublished":"2023-09-12T12:35:12+00:00","dateModified":"2025-10-09T09:44:09+00:00","breadcrumb":{"@id":"https:\/\/intm.com\/nl\/hpc\/#breadcrumb"},"inLanguage":"nl-NL","potentialAction":[{"@type":"ReadAction","target":["https:\/\/intm.com\/nl\/hpc\/"]}]},{"@type":"BreadcrumbList","@id":"https:\/\/intm.com\/nl\/hpc\/#breadcrumb","itemListElement":[{"@type":"ListItem","position":1,"name":"Accueil","item":"https:\/\/intm.com\/nl\/"},{"@type":"ListItem","position":2,"name":"HPC"}]},{"@type":"WebSite","@id":"https:\/\/intm.com\/nl\/#website","url":"https:\/\/intm.com\/nl\/","name":"INTM - Groupe INTM","description":"Because technology is all about people","potentialAction":[{"@type":"SearchAction","target":{"@type":"EntryPoint","urlTemplate":"https:\/\/intm.com\/nl\/?s={search_term_string}"},"query-input":{"@type":"PropertyValueSpecification","valueRequired":true,"valueName":"search_term_string"}}],"inLanguage":"nl-NL"}]}},"_links":{"self":[{"href":"https:\/\/intm.com\/nl\/wp-json\/wp\/v2\/pages\/7547","targetHints":{"allow":["GET"]}}],"collection":[{"href":"https:\/\/intm.com\/nl\/wp-json\/wp\/v2\/pages"}],"about":[{"href":"https:\/\/intm.com\/nl\/wp-json\/wp\/v2\/types\/page"}],"author":[{"embeddable":true,"href":"https:\/\/intm.com\/nl\/wp-json\/wp\/v2\/users\/1"}],"replies":[{"embeddable":true,"href":"https:\/\/intm.com\/nl\/wp-json\/wp\/v2\/comments?post=7547"}],"version-history":[{"count":4,"href":"https:\/\/intm.com\/nl\/wp-json\/wp\/v2\/pages\/7547\/revisions"}],"predecessor-version":[{"id":9769,"href":"https:\/\/intm.com\/nl\/wp-json\/wp\/v2\/pages\/7547\/revisions\/9769"}],"wp:attachment":[{"href":"https:\/\/intm.com\/nl\/wp-json\/wp\/v2\/media?parent=7547"}],"curies":[{"name":"wp","href":"https:\/\/api.w.org\/{rel}","templated":true}]}}